{"id":386,"date":"2023-08-30T16:27:49","date_gmt":"2023-08-30T16:27:49","guid":{"rendered":"https:\/\/kwb.staging.employnext.ca\/formulaire-de-contact-de-la-communauta\/"},"modified":"2023-12-05T16:01:01","modified_gmt":"2023-12-05T16:01:01","slug":"formulaire-de-contact-de-la-communauta","status":"publish","type":"page","link":"https:\/\/kwb.staging.employnext.ca\/fr\/formulaire-de-contact-de-la-communauta\/","title":{"rendered":"Formulaire de contact de la communaut\u00e9"},"content":{"rendered":"<p>Les partenaires communautaires situ\u00e9s ou servant dans la r\u00e9gion de Kitchener &#8211; Waterloo &#8211; Barrie font partie int\u00e9grante de l\u2019objectif commun visant \u00e0 aider les demandeurs d\u2019emploi \u00e0 r\u00e9int\u00e9grer le march\u00e9 du travail. Si vous repr\u00e9sentez une organisation du secteur public, sans but lucratif ou priv\u00e9 dans la r\u00e9gion du Grand Kitchener &#8211; Waterloo &#8211; Barrie engag\u00e9e aupr\u00e8s des demandeurs d\u2019emploi, ou si vous offrez des services num\u00e9riques au Canada, veuillez communiquer avec nous au moyen du formulaire et nous informer de la fa\u00e7on dont les services que vous offrez pourraient \u00eatre int\u00e9gr\u00e9s \u00e0 la solution Employnext.<\/p>\n<style id=\"wpforms-css-vars-194\">\n\t\t\t\t#wpforms-194 {\n\t\t\t\t\n\t\t\t}\n\t\t\t<\/style><div class=\"wpforms-container wpforms-container-full wpforms-render-modern\" id=\"wpforms-194\"><form id=\"wpforms-form-194\" class=\"wpforms-validate wpforms-form wpforms-ajax-form\" data-formid=\"194\" method=\"post\" enctype=\"multipart\/form-data\" action=\"\/fr\/wp-json\/wp\/v2\/pages\/386\" data-token=\"b8ef65021ac1917e031eebafb649f101\" data-token-time=\"1776365509\"><noscript class=\"wpforms-error-noscript\">Please enable JavaScript in your browser to complete this form.<\/noscript><div id=\"wpforms-error-noscript\" style=\"display: none;\">Please enable JavaScript in your browser to complete this form.<\/div><div class=\"wpforms-field-container\"><div id=\"wpforms-194-field_17-container\" class=\"wpforms-field wpforms-field-select wpforms-field-select-style-classic\" data-field-id=\"17\"><label class=\"wpforms-field-label\" for=\"wpforms-194-field_17\">J&#039;ai des questions sur <span class=\"wpforms-required-label\" aria-hidden=\"true\">*<\/span><\/label><select id=\"wpforms-194-field_17\" class=\"wpforms-field-medium wpforms-field-required\" name=\"wpforms[fields][17]\" required=\"required\"><option value=\"\" class=\"placeholder\" disabled  selected='selected'>Veuillez s\u00e9lectionner<\/option><option value=\"Demande de renseignements g\u00e9n\u00e9rale\"  class=\"choice-1 depth-1\"  >Demande de renseignements g\u00e9n\u00e9rale<\/option><option value=\"Offre de services aux demandeurs d\u2019emploi\"  class=\"choice-2 depth-1\"  >Offre de services aux demandeurs d\u2019emploi<\/option><option value=\"Partenariat avec Employnext\"  class=\"choice-3 depth-1\"  >Partenariat avec Employnext<\/option><option value=\"Je veux recommander un demandeur d\u2019emploi\"  class=\"choice-6 depth-1\"  >Je veux recommander un demandeur d\u2019emploi<\/option><\/select><\/div><div id=\"wpforms-194-field_3-container\" class=\"wpforms-field wpforms-field-text\" data-field-id=\"3\"><label class=\"wpforms-field-label\" for=\"wpforms-194-field_3\">Organisation\/entreprise <span class=\"wpforms-required-label\" aria-hidden=\"true\">*<\/span><\/label><input type=\"text\" id=\"wpforms-194-field_3\" class=\"wpforms-field-medium wpforms-field-required\" name=\"wpforms[fields][3]\" aria-errormessage=\"wpforms-194-field_3-error\" required><\/div><div id=\"wpforms-194-field_21-container\" class=\"wpforms-field wpforms-field-text wpforms-one-half wpforms-first\" data-field-id=\"21\"><label class=\"wpforms-field-label\" for=\"wpforms-194-field_21\">Pr\u00e9nom <span class=\"wpforms-required-label\" aria-hidden=\"true\">*<\/span><\/label><input type=\"text\" id=\"wpforms-194-field_21\" class=\"wpforms-field-medium wpforms-field-required\" name=\"wpforms[fields][21]\" aria-errormessage=\"wpforms-194-field_21-error\" required><\/div><div id=\"wpforms-194-field_22-container\" class=\"wpforms-field wpforms-field-text wpforms-one-half\" data-field-id=\"22\"><label class=\"wpforms-field-label\" for=\"wpforms-194-field_22\">Nom <span class=\"wpforms-required-label\" aria-hidden=\"true\">*<\/span><\/label><input type=\"text\" id=\"wpforms-194-field_22\" class=\"wpforms-field-medium wpforms-field-required\" name=\"wpforms[fields][22]\" aria-errormessage=\"wpforms-194-field_22-error\" required><\/div><div id=\"wpforms-194-field_12-container\" class=\"wpforms-field wpforms-field-text wpforms-one-half wpforms-first\" data-field-id=\"12\"><label class=\"wpforms-field-label\" for=\"wpforms-194-field_12\">Num\u00e9ro de t\u00e9l\u00e9phone<\/label><input type=\"text\" id=\"wpforms-194-field_12\" class=\"wpforms-field-medium\" name=\"wpforms[fields][12]\" aria-errormessage=\"wpforms-194-field_12-error\" ><\/div><div id=\"wpforms-194-field_1-container\" class=\"wpforms-field wpforms-field-email wpforms-one-half\" data-field-id=\"1\"><label class=\"wpforms-field-label\" for=\"wpforms-194-field_1\">Adresse courriel <span class=\"wpforms-required-label\" aria-hidden=\"true\">*<\/span><\/label><input type=\"email\" id=\"wpforms-194-field_1\" class=\"wpforms-field-medium wpforms-field-required\" name=\"wpforms[fields][1]\" spellcheck=\"false\" aria-errormessage=\"wpforms-194-field_1-error\" required><\/div><div id=\"wpforms-194-field_7-container\" class=\"wpforms-field wpforms-field-text wpforms-one-half wpforms-first\" data-field-id=\"7\"><label class=\"wpforms-field-label\" for=\"wpforms-194-field_7\">Adresse<\/label><input type=\"text\" id=\"wpforms-194-field_7\" class=\"wpforms-field-medium\" name=\"wpforms[fields][7]\" aria-errormessage=\"wpforms-194-field_7-error\" ><\/div><div id=\"wpforms-194-field_19-container\" class=\"wpforms-field wpforms-field-text wpforms-one-half\" data-field-id=\"19\"><label class=\"wpforms-field-label\" for=\"wpforms-194-field_19\">Site Web<\/label><input type=\"text\" id=\"wpforms-194-field_19\" class=\"wpforms-field-medium\" name=\"wpforms[fields][19]\" aria-errormessage=\"wpforms-194-field_19-error\" ><\/div><div id=\"wpforms-194-field_20-container\" class=\"wpforms-field wpforms-field-textarea\" data-field-id=\"20\"><label class=\"wpforms-field-label\" for=\"wpforms-194-field_20\">Message <\/label><textarea id=\"wpforms-194-field_20\" class=\"wpforms-field-medium\" name=\"wpforms[fields][20]\" aria-errormessage=\"wpforms-194-field_20-error\" ><\/textarea><\/div><div id=\"wpforms-194-field_24-container\" class=\"wpforms-field wpforms-field-html\" data-field-id=\"24\"><div id=\"wpforms-194-field_24\" aria-errormessage=\"wpforms-194-field_24-error\"><script type=\"text\/javascript\">\r\n\r\nwindow.addEventListener('DOMContentLoaded', function() {\r\nconst form = document.getElementById('wpforms-form-194');\r\nif (form) {\r\nform.addEventListener('submit', function (event) {\r\n\r\nconst formData = new FormData(form);\r\nalert(\r\nformData.get('wpforms[fields][1]'));\r\n\r\n \r\nconst myHeaders = new Headers();\r\n\r\nmyHeaders.append(\"Content-Type\", \"application\/json\");\r\n\r\nmyHeaders.append(\"Authorization\", \"Basic c3ZjX29lc3RhcGlfZGV2OmFydUJtOzQrN2hMJXRLd2swSz9qWDhCS15GSzxF\");\r\n\r\nmyHeaders.append(\"Cookie\", \"glide_user_route=glide.6ab798dfc7366d8f64e391931032f5c8\");\r\n \r\nconst raw = JSON.stringify({\r\n\r\n  \"first_name\": \"JavasciptCP test\",\r\n\r\n\r\n});\r\n \r\nconst requestOptions = {\r\n\r\n  method: \"POST\",\r\n\r\n  headers: myHeaders,\r\n\r\n  body: raw,\r\n\r\n  redirect: \"follow\"\r\n\r\n};\r\n \r\nfetch(\"https:\/\/sercocanadadev.service-now.com\/api\/now\/table\/x_secd_oest_referrel\", requestOptions)\r\n\r\n  .then((response) => response.text())\r\n\r\n  .then((result) => console.log(result))\r\n\r\n  .catch((error) => console.error(error));\r\n \r\n});\r\n}\r\n\r\n\r\n\r\n  \r\n\r\n});\r\n\r\n\r\n<\/script><\/div><\/div><\/div><!-- .wpforms-field-container --><div class=\"wpforms-recaptcha-container wpforms-is-recaptcha wpforms-is-recaptcha-type-v2\" ><div class=\"g-recaptcha\" data-sitekey=\"6Ld4hT4oAAAAAC4C3g42m8-4kfvkFxaQCuHi4VOj\"><\/div><input type=\"text\" name=\"g-recaptcha-hidden\" class=\"wpforms-recaptcha-hidden\" style=\"position:absolute!important;clip:rect(0,0,0,0)!important;height:1px!important;width:1px!important;border:0!important;overflow:hidden!important;padding:0!important;margin:0!important;\" data-rule-recaptcha=\"1\"><\/div><div class=\"wpforms-submit-container\" ><input type=\"hidden\" name=\"wpforms[id]\" value=\"194\"><input type=\"hidden\" name=\"page_title\" value=\"\"><input type=\"hidden\" name=\"page_url\" value=\"https:\/\/kwb.staging.employnext.ca\/fr\/wp-json\/wp\/v2\/pages\/386\"><input type=\"hidden\" name=\"url_referer\" value=\"\"><button type=\"submit\" name=\"wpforms[submit]\" id=\"wpforms-submit-194\" class=\"wpforms-submit\" data-alt-text=\"Envoi\" data-submit-text=\"Soumettre\" aria-live=\"assertive\" value=\"wpforms-submit\">Soumettre<\/button><img src=\"https:\/\/kwb.staging.employnext.ca\/wp-content\/plugins\/wpforms\/assets\/images\/submit-spin.svg\" class=\"wpforms-submit-spinner\" style=\"display: none;\" width=\"26\" height=\"26\" alt=\"Loading\"><\/div><\/form><\/div>  <!-- .wpforms-container -->\n","protected":false},"excerpt":{"rendered":"<p>Les partenaires communautaires situ\u00e9s ou servant dans la r\u00e9gion de Kitchener &#8211; Waterloo &#8211; Barrie font partie int\u00e9grante de l\u2019objectif commun visant \u00e0 aider les demandeurs d\u2019emploi \u00e0 r\u00e9int\u00e9grer le march\u00e9 du travail. Si vous repr\u00e9sentez une organisation du secteur public, sans but lucratif ou priv\u00e9 dans la r\u00e9gion du Grand Kitchener &#8211; Waterloo &#8211; Barrie engag\u00e9e aupr\u00e8s des demandeurs d\u2019emploi, ou si vous offrez des services num\u00e9riques au Canada, veuillez communiquer avec nous au moyen du formulaire et nous informer de la fa\u00e7on dont les services que vous offrez pourraient \u00eatre int\u00e9gr\u00e9s \u00e0 la solution Employnext.<\/p>\n","protected":false},"author":1,"featured_media":0,"parent":0,"menu_order":0,"comment_status":"closed","ping_status":"closed","template":"page-forms.php","meta":{"inline_featured_image":false,"footnotes":""},"acf":[],"yoast_head":"<!-- This site is optimized with the Yoast SEO plugin v21.6 - https:\/\/yoast.com\/wordpress\/plugins\/seo\/ -->\n<title>Formulaire de contact de la communaut\u00e9 - Kitchener-Waterloo-Barrie<\/title>\n<meta name=\"robots\" content=\"noindex, follow, max-snippet:-1, max-image-preview:large, max-video-preview:-1\" \/>\n<meta property=\"og:locale\" content=\"fr_FR\" \/>\n<meta property=\"og:type\" content=\"article\" \/>\n<meta property=\"og:title\" content=\"Formulaire de contact de la communaut\u00e9 - Kitchener-Waterloo-Barrie\" \/>\n<meta property=\"og:description\" content=\"Les partenaires communautaires situ\u00e9s ou servant dans la r\u00e9gion de Kitchener &#8211; Waterloo &#8211; Barrie font partie int\u00e9grante de l\u2019objectif commun visant \u00e0 aider les demandeurs d\u2019emploi \u00e0 r\u00e9int\u00e9grer le march\u00e9 du travail. Si vous repr\u00e9sentez une organisation du secteur public, sans but lucratif ou priv\u00e9 dans la r\u00e9gion du Grand Kitchener &#8211; Waterloo &#8211; Barrie engag\u00e9e aupr\u00e8s des demandeurs d\u2019emploi, ou si vous offrez des services num\u00e9riques au Canada, veuillez communiquer avec nous au moyen du formulaire et nous informer de la fa\u00e7on dont les services que vous offrez pourraient \u00eatre int\u00e9gr\u00e9s \u00e0 la solution Employnext.\" \/>\n<meta property=\"og:url\" content=\"https:\/\/kwb.staging.employnext.ca\/community-partner-registration-form\/\" \/>\n<meta property=\"og:site_name\" content=\"Kitchener-Waterloo-Barrie\" \/>\n<meta property=\"article:modified_time\" content=\"2023-12-05T16:01:01+00:00\" \/>\n<meta name=\"twitter:card\" content=\"summary_large_image\" \/>\n<meta name=\"twitter:label1\" content=\"Dur\u00e9e de lecture estim\u00e9e\" \/>\n\t<meta name=\"twitter:data1\" content=\"1 minute\" \/>\n<script type=\"application\/ld+json\" class=\"yoast-schema-graph\">{\"@context\":\"https:\/\/schema.org\",\"@graph\":[{\"@type\":\"WebPage\",\"@id\":\"https:\/\/kwb.staging.employnext.ca\/community-partner-registration-form\/\",\"url\":\"https:\/\/kwb.staging.employnext.ca\/community-partner-registration-form\/\",\"name\":\"Formulaire de contact de la communaut\u00e9 - Kitchener-Waterloo-Barrie\",\"isPartOf\":{\"@id\":\"https:\/\/kwb.staging.employnext.ca\/#website\"},\"datePublished\":\"2023-08-30T16:27:49+00:00\",\"dateModified\":\"2023-12-05T16:01:01+00:00\",\"breadcrumb\":{\"@id\":\"https:\/\/kwb.staging.employnext.ca\/community-partner-registration-form\/#breadcrumb\"},\"inLanguage\":\"fr-FR\",\"potentialAction\":[{\"@type\":\"ReadAction\",\"target\":[\"https:\/\/kwb.staging.employnext.ca\/community-partner-registration-form\/\"]}]},{\"@type\":\"BreadcrumbList\",\"@id\":\"https:\/\/kwb.staging.employnext.ca\/community-partner-registration-form\/#breadcrumb\",\"itemListElement\":[{\"@type\":\"ListItem\",\"position\":1,\"name\":\"Home\",\"item\":\"https:\/\/kwb.staging.employnext.ca\/fr\/page-daccueil\/\"},{\"@type\":\"ListItem\",\"position\":2,\"name\":\"Formulaire de contact de la communaut\u00e9\"}]},{\"@type\":\"WebSite\",\"@id\":\"https:\/\/kwb.staging.employnext.ca\/#website\",\"url\":\"https:\/\/kwb.staging.employnext.ca\/\",\"name\":\"Kitchener-Waterloo-Barrie\",\"description\":\"EmployNext - where work meets you\",\"potentialAction\":[{\"@type\":\"SearchAction\",\"target\":{\"@type\":\"EntryPoint\",\"urlTemplate\":\"https:\/\/kwb.staging.employnext.ca\/?s={search_term_string}\"},\"query-input\":\"required name=search_term_string\"}],\"inLanguage\":\"fr-FR\"}]}<\/script>\n<!-- \/ Yoast SEO plugin. -->","yoast_head_json":{"title":"Formulaire de contact de la communaut\u00e9 - Kitchener-Waterloo-Barrie","robots":{"index":"noindex","follow":"follow","max-snippet":"max-snippet:-1","max-image-preview":"max-image-preview:large","max-video-preview":"max-video-preview:-1"},"og_locale":"fr_FR","og_type":"article","og_title":"Formulaire de contact de la communaut\u00e9 - Kitchener-Waterloo-Barrie","og_description":"Les partenaires communautaires situ\u00e9s ou servant dans la r\u00e9gion de Kitchener &#8211; Waterloo &#8211; Barrie font partie int\u00e9grante de l\u2019objectif commun visant \u00e0 aider les demandeurs d\u2019emploi \u00e0 r\u00e9int\u00e9grer le march\u00e9 du travail. Si vous repr\u00e9sentez une organisation du secteur public, sans but lucratif ou priv\u00e9 dans la r\u00e9gion du Grand Kitchener &#8211; Waterloo &#8211; Barrie engag\u00e9e aupr\u00e8s des demandeurs d\u2019emploi, ou si vous offrez des services num\u00e9riques au Canada, veuillez communiquer avec nous au moyen du formulaire et nous informer de la fa\u00e7on dont les services que vous offrez pourraient \u00eatre int\u00e9gr\u00e9s \u00e0 la solution Employnext.","og_url":"https:\/\/kwb.staging.employnext.ca\/community-partner-registration-form\/","og_site_name":"Kitchener-Waterloo-Barrie","article_modified_time":"2023-12-05T16:01:01+00:00","twitter_card":"summary_large_image","twitter_misc":{"Dur\u00e9e de lecture estim\u00e9e":"1 minute"},"schema":{"@context":"https:\/\/schema.org","@graph":[{"@type":"WebPage","@id":"https:\/\/kwb.staging.employnext.ca\/community-partner-registration-form\/","url":"https:\/\/kwb.staging.employnext.ca\/community-partner-registration-form\/","name":"Formulaire de contact de la communaut\u00e9 - Kitchener-Waterloo-Barrie","isPartOf":{"@id":"https:\/\/kwb.staging.employnext.ca\/#website"},"datePublished":"2023-08-30T16:27:49+00:00","dateModified":"2023-12-05T16:01:01+00:00","breadcrumb":{"@id":"https:\/\/kwb.staging.employnext.ca\/community-partner-registration-form\/#breadcrumb"},"inLanguage":"fr-FR","potentialAction":[{"@type":"ReadAction","target":["https:\/\/kwb.staging.employnext.ca\/community-partner-registration-form\/"]}]},{"@type":"BreadcrumbList","@id":"https:\/\/kwb.staging.employnext.ca\/community-partner-registration-form\/#breadcrumb","itemListElement":[{"@type":"ListItem","position":1,"name":"Home","item":"https:\/\/kwb.staging.employnext.ca\/fr\/page-daccueil\/"},{"@type":"ListItem","position":2,"name":"Formulaire de contact de la communaut\u00e9"}]},{"@type":"WebSite","@id":"https:\/\/kwb.staging.employnext.ca\/#website","url":"https:\/\/kwb.staging.employnext.ca\/","name":"Kitchener-Waterloo-Barrie","description":"EmployNext - where work meets you","potentialAction":[{"@type":"SearchAction","target":{"@type":"EntryPoint","urlTemplate":"https:\/\/kwb.staging.employnext.ca\/?s={search_term_string}"},"query-input":"required name=search_term_string"}],"inLanguage":"fr-FR"}]}},"_links":{"self":[{"href":"https:\/\/kwb.staging.employnext.ca\/fr\/wp-json\/wp\/v2\/pages\/386"}],"collection":[{"href":"https:\/\/kwb.staging.employnext.ca\/fr\/wp-json\/wp\/v2\/pages"}],"about":[{"href":"https:\/\/kwb.staging.employnext.ca\/fr\/wp-json\/wp\/v2\/types\/page"}],"author":[{"embeddable":true,"href":"https:\/\/kwb.staging.employnext.ca\/fr\/wp-json\/wp\/v2\/users\/1"}],"replies":[{"embeddable":true,"href":"https:\/\/kwb.staging.employnext.ca\/fr\/wp-json\/wp\/v2\/comments?post=386"}],"version-history":[{"count":2,"href":"https:\/\/kwb.staging.employnext.ca\/fr\/wp-json\/wp\/v2\/pages\/386\/revisions"}],"predecessor-version":[{"id":477,"href":"https:\/\/kwb.staging.employnext.ca\/fr\/wp-json\/wp\/v2\/pages\/386\/revisions\/477"}],"wp:attachment":[{"href":"https:\/\/kwb.staging.employnext.ca\/fr\/wp-json\/wp\/v2\/media?parent=386"}],"curies":[{"name":"wp","href":"https:\/\/api.w.org\/{rel}","templated":true}]}}