{"id":401,"date":"2023-08-25T17:20:08","date_gmt":"2023-08-25T17:20:08","guid":{"rendered":"https:\/\/kwb.staging.employnext.ca\/employer-contact-form\/"},"modified":"2023-12-13T19:48:14","modified_gmt":"2023-12-13T19:48:14","slug":"formulaire-de-contact-de-lemployeur","status":"publish","type":"page","link":"https:\/\/kwb.staging.employnext.ca\/fr\/formulaire-de-contact-de-lemployeur\/","title":{"rendered":"Formulaire de contact de l\u2019employeur"},"content":{"rendered":"<p>Les employeurs situ\u00e9s ou desservant la r\u00e9gion de Kitchener-Waterloo-Barrie sont une partie int\u00e9grale de l\u2019objectif partag\u00e9 d\u2019aider les chercheurs d\u2019emploi \u00e0 retrouver un emploi.<\/p>\n<p>Si vous repr\u00e9sentez une organisation dans la grande r\u00e9gion de Kitchener &#8211; Waterloo &#8211; Barrie, veuillez prendre contact avec nous via le formulaire et informez-nous comment EmployNext peut soutenir vos besoins d\u2019embauche.<\/p>\n<style id=\"wpforms-css-vars-140\">\n\t\t\t\t#wpforms-140 {\n\t\t\t\t\n\t\t\t}\n\t\t\t<\/style><div class=\"wpforms-container wpforms-container-full wpforms-render-modern\" id=\"wpforms-140\"><form id=\"wpforms-form-140\" class=\"wpforms-validate wpforms-form wpforms-ajax-form\" data-formid=\"140\" method=\"post\" enctype=\"multipart\/form-data\" action=\"\/fr\/wp-json\/wp\/v2\/pages\/401\" data-token=\"2d0c7fe1dc8e8afd8deff54d0e4b689b\" data-token-time=\"1776365480\"><noscript class=\"wpforms-error-noscript\">Please enable JavaScript in your browser to complete this form.<\/noscript><div id=\"wpforms-error-noscript\" style=\"display: none;\">Please enable JavaScript in your browser to complete this form.<\/div><div class=\"wpforms-field-container\"><div id=\"wpforms-140-field_18-container\" class=\"wpforms-field wpforms-field-divider\" data-field-id=\"18\"><h3 id=\"wpforms-140-field_18\" aria-errormessage=\"wpforms-140-field_18-error\">Renseignements sur l\u2019entreprise<\/h3><\/div><div id=\"wpforms-140-field_23-container\" class=\"wpforms-field wpforms-field-layout\" data-field-id=\"23\"><div class=\"wpforms-field-layout-columns wpforms-field-layout-preset-50-50\"><div class=\"wpforms-layout-column wpforms-layout-column-50\" ><div id=\"wpforms-140-field_3-container\" class=\"wpforms-field wpforms-field-text\" data-field-id=\"3\"><label class=\"wpforms-field-label\" for=\"wpforms-140-field_3\">Nom de l&#039;entreprise <span class=\"wpforms-required-label\" aria-hidden=\"true\">*<\/span><\/label><input type=\"text\" id=\"wpforms-140-field_3\" class=\"wpforms-field-medium wpforms-field-required\" name=\"wpforms[fields][3]\" placeholder=\"Enter Business Name\" aria-errormessage=\"wpforms-140-field_3-error\" required><\/div><\/div><div class=\"wpforms-layout-column wpforms-layout-column-50\" ><div id=\"wpforms-140-field_11-container\" class=\"wpforms-field wpforms-field-text\" data-field-id=\"11\"><label class=\"wpforms-field-label\" for=\"wpforms-140-field_11\">Code postal <span class=\"wpforms-required-label\" aria-hidden=\"true\">*<\/span><\/label><input type=\"text\" id=\"wpforms-140-field_11\" class=\"wpforms-field-medium wpforms-field-required wpforms-limit-characters-enabled\" data-form-id=\"140\" data-field-id=\"11\" data-text-limit=\"7\" name=\"wpforms[fields][11]\" placeholder=\"Should be 6 character, e.g., E2E 2E2\" aria-errormessage=\"wpforms-140-field_11-error\" maxlength=\"7\" required><\/div><\/div><\/div><\/div><div id=\"wpforms-140-field_19-container\" class=\"wpforms-field wpforms-field-divider\" data-field-id=\"19\"><h3 id=\"wpforms-140-field_19\" aria-errormessage=\"wpforms-140-field_19-error\">Coordonn\u00e9es de la personne-ressource<\/h3><\/div><div id=\"wpforms-140-field_29-container\" class=\"wpforms-field wpforms-field-name\" data-field-id=\"29\"><fieldset><legend class=\"wpforms-field-label\">Name <span class=\"wpforms-required-label\" aria-hidden=\"true\">*<\/span><\/legend><div class=\"wpforms-field-row wpforms-field-large\"><div class=\"wpforms-field-row-block wpforms-first wpforms-one-half\"><input type=\"text\" id=\"wpforms-140-field_29\" class=\"wpforms-field-name-first wpforms-field-required\" name=\"wpforms[fields][29][first]\" placeholder=\"Enter first name\" aria-errormessage=\"wpforms-140-field_29-error\" required><label for=\"wpforms-140-field_29\" class=\"wpforms-field-sublabel after wpforms-sublabel-hide\">First<\/label><\/div><div class=\"wpforms-field-row-block wpforms-one-half\"><input type=\"text\" id=\"wpforms-140-field_29-last\" class=\"wpforms-field-name-last wpforms-field-required\" name=\"wpforms[fields][29][last]\" placeholder=\"Enter last name\" aria-errormessage=\"wpforms-140-field_29-last-error\" required><label for=\"wpforms-140-field_29-last\" class=\"wpforms-field-sublabel after wpforms-sublabel-hide\">Last<\/label><\/div><\/div><\/fieldset><\/div><div id=\"wpforms-140-field_24-container\" class=\"wpforms-field wpforms-field-email\" data-field-id=\"24\"><label class=\"wpforms-field-label\" for=\"wpforms-140-field_24\">Email <span class=\"wpforms-required-label\" aria-hidden=\"true\">*<\/span><\/label><input type=\"email\" id=\"wpforms-140-field_24\" class=\"wpforms-field-medium wpforms-field-required\" name=\"wpforms[fields][24]\" placeholder=\"Enter email address\" spellcheck=\"false\" aria-errormessage=\"wpforms-140-field_24-error\" required><\/div><div id=\"wpforms-140-field_20-container\" class=\"wpforms-field wpforms-field-divider\" data-field-id=\"20\"><h3 id=\"wpforms-140-field_20\" aria-errormessage=\"wpforms-140-field_20-error\">Comment pouvons-nous vous aider?<\/h3><\/div><div id=\"wpforms-140-field_26-container\" class=\"wpforms-field wpforms-field-text\" data-field-id=\"26\"><label class=\"wpforms-field-label wpforms-label-hide\" for=\"wpforms-140-field_26\" aria-hidden=\"false\">Single Line Text<\/label><input type=\"text\" id=\"wpforms-140-field_26\" class=\"wpforms-field-small\" name=\"wpforms[fields][26]\" aria-errormessage=\"wpforms-140-field_26-error\" ><\/div><\/div><!-- .wpforms-field-container --><div class=\"wpforms-recaptcha-container wpforms-is-recaptcha wpforms-is-recaptcha-type-v2\" ><div class=\"g-recaptcha\" data-sitekey=\"6Ld4hT4oAAAAAC4C3g42m8-4kfvkFxaQCuHi4VOj\"><\/div><input type=\"text\" name=\"g-recaptcha-hidden\" class=\"wpforms-recaptcha-hidden\" style=\"position:absolute!important;clip:rect(0,0,0,0)!important;height:1px!important;width:1px!important;border:0!important;overflow:hidden!important;padding:0!important;margin:0!important;\" data-rule-recaptcha=\"1\"><\/div><div class=\"wpforms-submit-container\" ><input type=\"hidden\" name=\"wpforms[id]\" value=\"140\"><input type=\"hidden\" name=\"page_title\" value=\"\"><input type=\"hidden\" name=\"page_url\" value=\"https:\/\/kwb.staging.employnext.ca\/fr\/wp-json\/wp\/v2\/pages\/401\"><input type=\"hidden\" name=\"url_referer\" value=\"\"><button type=\"submit\" name=\"wpforms[submit]\" id=\"wpforms-submit-140\" class=\"wpforms-submit\" data-alt-text=\"Envoi\" data-submit-text=\"Soumettre\" aria-live=\"assertive\" value=\"wpforms-submit\">Soumettre<\/button><img src=\"https:\/\/kwb.staging.employnext.ca\/wp-content\/plugins\/wpforms\/assets\/images\/submit-spin.svg\" class=\"wpforms-submit-spinner\" style=\"display: none;\" width=\"26\" height=\"26\" alt=\"Loading\"><\/div><\/form><\/div>  <!-- .wpforms-container -->\n","protected":false},"excerpt":{"rendered":"<p>Les employeurs situ\u00e9s ou desservant la r\u00e9gion de Kitchener-Waterloo-Barrie sont une partie int\u00e9grale de l\u2019objectif partag\u00e9 d\u2019aider les chercheurs d\u2019emploi \u00e0 retrouver un emploi.<\/p>\n","protected":false},"author":1,"featured_media":0,"parent":0,"menu_order":0,"comment_status":"closed","ping_status":"closed","template":"page-forms.php","meta":{"inline_featured_image":false,"footnotes":""},"acf":[],"yoast_head":"<!-- This site is optimized with the Yoast SEO plugin v21.6 - https:\/\/yoast.com\/wordpress\/plugins\/seo\/ -->\n<title>Formulaire de contact de l\u2019employeur - Kitchener-Waterloo-Barrie<\/title>\n<meta name=\"robots\" content=\"noindex, follow, max-snippet:-1, max-image-preview:large, max-video-preview:-1\" \/>\n<meta property=\"og:locale\" content=\"fr_FR\" \/>\n<meta property=\"og:type\" content=\"article\" \/>\n<meta property=\"og:title\" content=\"Formulaire de contact de l\u2019employeur - Kitchener-Waterloo-Barrie\" \/>\n<meta property=\"og:description\" content=\"Les employeurs situ\u00e9s ou desservant la r\u00e9gion de Kitchener-Waterloo-Barrie sont une partie int\u00e9grale de l\u2019objectif partag\u00e9 d\u2019aider les chercheurs d\u2019emploi \u00e0 retrouver un emploi.\" \/>\n<meta property=\"og:url\" content=\"https:\/\/kwb.staging.employnext.ca\/employer-contact-form\/\" \/>\n<meta property=\"og:site_name\" content=\"Kitchener-Waterloo-Barrie\" \/>\n<meta property=\"article:modified_time\" content=\"2023-12-13T19:48:14+00:00\" \/>\n<meta name=\"twitter:card\" content=\"summary_large_image\" \/>\n<script type=\"application\/ld+json\" class=\"yoast-schema-graph\">{\"@context\":\"https:\/\/schema.org\",\"@graph\":[{\"@type\":\"WebPage\",\"@id\":\"https:\/\/kwb.staging.employnext.ca\/employer-contact-form\/\",\"url\":\"https:\/\/kwb.staging.employnext.ca\/employer-contact-form\/\",\"name\":\"Formulaire de contact de l\u2019employeur - Kitchener-Waterloo-Barrie\",\"isPartOf\":{\"@id\":\"https:\/\/kwb.staging.employnext.ca\/#website\"},\"datePublished\":\"2023-08-25T17:20:08+00:00\",\"dateModified\":\"2023-12-13T19:48:14+00:00\",\"breadcrumb\":{\"@id\":\"https:\/\/kwb.staging.employnext.ca\/employer-contact-form\/#breadcrumb\"},\"inLanguage\":\"fr-FR\",\"potentialAction\":[{\"@type\":\"ReadAction\",\"target\":[\"https:\/\/kwb.staging.employnext.ca\/employer-contact-form\/\"]}]},{\"@type\":\"BreadcrumbList\",\"@id\":\"https:\/\/kwb.staging.employnext.ca\/employer-contact-form\/#breadcrumb\",\"itemListElement\":[{\"@type\":\"ListItem\",\"position\":1,\"name\":\"Home\",\"item\":\"https:\/\/kwb.staging.employnext.ca\/fr\/page-daccueil\/\"},{\"@type\":\"ListItem\",\"position\":2,\"name\":\"Formulaire de contact de l\u2019employeur\"}]},{\"@type\":\"WebSite\",\"@id\":\"https:\/\/kwb.staging.employnext.ca\/#website\",\"url\":\"https:\/\/kwb.staging.employnext.ca\/\",\"name\":\"Kitchener-Waterloo-Barrie\",\"description\":\"EmployNext - where work meets you\",\"potentialAction\":[{\"@type\":\"SearchAction\",\"target\":{\"@type\":\"EntryPoint\",\"urlTemplate\":\"https:\/\/kwb.staging.employnext.ca\/?s={search_term_string}\"},\"query-input\":\"required name=search_term_string\"}],\"inLanguage\":\"fr-FR\"}]}<\/script>\n<!-- \/ Yoast SEO plugin. -->","yoast_head_json":{"title":"Formulaire de contact de l\u2019employeur - Kitchener-Waterloo-Barrie","robots":{"index":"noindex","follow":"follow","max-snippet":"max-snippet:-1","max-image-preview":"max-image-preview:large","max-video-preview":"max-video-preview:-1"},"og_locale":"fr_FR","og_type":"article","og_title":"Formulaire de contact de l\u2019employeur - Kitchener-Waterloo-Barrie","og_description":"Les employeurs situ\u00e9s ou desservant la r\u00e9gion de Kitchener-Waterloo-Barrie sont une partie int\u00e9grale de l\u2019objectif partag\u00e9 d\u2019aider les chercheurs d\u2019emploi \u00e0 retrouver un emploi.","og_url":"https:\/\/kwb.staging.employnext.ca\/employer-contact-form\/","og_site_name":"Kitchener-Waterloo-Barrie","article_modified_time":"2023-12-13T19:48:14+00:00","twitter_card":"summary_large_image","schema":{"@context":"https:\/\/schema.org","@graph":[{"@type":"WebPage","@id":"https:\/\/kwb.staging.employnext.ca\/employer-contact-form\/","url":"https:\/\/kwb.staging.employnext.ca\/employer-contact-form\/","name":"Formulaire de contact de l\u2019employeur - Kitchener-Waterloo-Barrie","isPartOf":{"@id":"https:\/\/kwb.staging.employnext.ca\/#website"},"datePublished":"2023-08-25T17:20:08+00:00","dateModified":"2023-12-13T19:48:14+00:00","breadcrumb":{"@id":"https:\/\/kwb.staging.employnext.ca\/employer-contact-form\/#breadcrumb"},"inLanguage":"fr-FR","potentialAction":[{"@type":"ReadAction","target":["https:\/\/kwb.staging.employnext.ca\/employer-contact-form\/"]}]},{"@type":"BreadcrumbList","@id":"https:\/\/kwb.staging.employnext.ca\/employer-contact-form\/#breadcrumb","itemListElement":[{"@type":"ListItem","position":1,"name":"Home","item":"https:\/\/kwb.staging.employnext.ca\/fr\/page-daccueil\/"},{"@type":"ListItem","position":2,"name":"Formulaire de contact de l\u2019employeur"}]},{"@type":"WebSite","@id":"https:\/\/kwb.staging.employnext.ca\/#website","url":"https:\/\/kwb.staging.employnext.ca\/","name":"Kitchener-Waterloo-Barrie","description":"EmployNext - where work meets you","potentialAction":[{"@type":"SearchAction","target":{"@type":"EntryPoint","urlTemplate":"https:\/\/kwb.staging.employnext.ca\/?s={search_term_string}"},"query-input":"required name=search_term_string"}],"inLanguage":"fr-FR"}]}},"_links":{"self":[{"href":"https:\/\/kwb.staging.employnext.ca\/fr\/wp-json\/wp\/v2\/pages\/401"}],"collection":[{"href":"https:\/\/kwb.staging.employnext.ca\/fr\/wp-json\/wp\/v2\/pages"}],"about":[{"href":"https:\/\/kwb.staging.employnext.ca\/fr\/wp-json\/wp\/v2\/types\/page"}],"author":[{"embeddable":true,"href":"https:\/\/kwb.staging.employnext.ca\/fr\/wp-json\/wp\/v2\/users\/1"}],"replies":[{"embeddable":true,"href":"https:\/\/kwb.staging.employnext.ca\/fr\/wp-json\/wp\/v2\/comments?post=401"}],"version-history":[{"count":3,"href":"https:\/\/kwb.staging.employnext.ca\/fr\/wp-json\/wp\/v2\/pages\/401\/revisions"}],"predecessor-version":[{"id":528,"href":"https:\/\/kwb.staging.employnext.ca\/fr\/wp-json\/wp\/v2\/pages\/401\/revisions\/528"}],"wp:attachment":[{"href":"https:\/\/kwb.staging.employnext.ca\/fr\/wp-json\/wp\/v2\/media?parent=401"}],"curies":[{"name":"wp","href":"https:\/\/api.w.org\/{rel}","templated":true}]}}